{"id":1213,"date":"2025-02-14T16:27:13","date_gmt":"2025-02-14T15:27:13","guid":{"rendered":"https:\/\/amwycena.com\/?page_id=1213"},"modified":"2025-02-14T16:34:27","modified_gmt":"2025-02-14T15:34:27","slug":"rodo","status":"publish","type":"page","link":"https:\/\/amwycena.com\/?page_id=1213","title":{"rendered":"RODO"},"content":{"rendered":"\t\t<div data-elementor-type=\"wp-page\" data-elementor-id=\"1213\" class=\"elementor elementor-1213\">\n\t\t\t\t<div class=\"elementor-element elementor-element-644060fe e-flex e-con-boxed e-con e-parent\" data-id=\"644060fe\" data-element_type=\"container\">\n\t\t\t\t\t<div class=\"e-con-inner\">\n\t\t\t\t<div class=\"elementor-element elementor-element-5abe5430 elementor-widget elementor-widget-text-editor\" data-id=\"5abe5430\" data-element_type=\"widget\" data-widget_type=\"text-editor.default\">\n\t\t\t\t<div class=\"elementor-widget-container\">\n\t\t\t\t\t\t\t\t\t\n<p data-pm-slice=\"1 1 []\"><strong>Obowi\u0105zek Informacyjny RODO<\/strong><\/p>\n<p>Zgodnie z art. 13 Rozporz\u0105dzenia Parlamentu Europejskiego i Rady (UE) 2016\/679 z dnia 27 kwietnia 2016 r. (RODO) informujemy, \u017ce:<\/p>\n<ol start=\"1\" data-spread=\"true\">\n<li>\n<p><strong>Administrator danych osobowych<\/strong> Administratorem Pa\u0144stwa danych osobowych jest A&amp;M Consulting Micha\u0142 Klisiatys , z siedzib\u0105 pod adresem<br \/>ul. Pp\u0142k Wac\u0142awa Szadkowskiego 6<br \/>01-493 Warszawa<br \/>\u00a0e-mail: wycena@amwycena.com, telefon: 502335372. NIP: 8491560450<\/p>\n<\/li>\n<li>\n<p><strong>Cele i podstawy przetwarzania danych<\/strong> Pa\u0144stwa dane osobowe przetwarzane s\u0105 w celu:<\/p>\n<ul data-spread=\"false\">\n<li>\n<p>realizacji us\u0142ug \u015bwiadczonych przez nasz\u0105 firm\u0119 (art. 6 ust. 1 lit. b RODO),<\/p>\n<\/li>\n<li>\n<p>realizacji obowi\u0105zk\u00f3w prawnych (art. 6 ust. 1 lit. c RODO),<\/p>\n<\/li>\n<li>\n<p>na podstawie udzielonej zgody (art. 6 ust. 1 lit. a RODO) &#8211; je\u015bli zosta\u0142a wyra\u017cona.<\/p>\n<\/li>\n<\/ul>\n<\/li>\n<li>\n<p><strong>Odbiorcy danych<\/strong> Odbiorcami danych mog\u0105 by\u0107 podmioty wspieraj\u0105ce nas w realizacji us\u0142ug, np. dostawcy us\u0142ug IT, podmioty \u015bwiadcz\u0105ce us\u0142ugi ksi\u0119gowe i prawne oraz organy publiczne, je\u015bli wymagaj\u0105 tego przepisy prawa.<\/p>\n<\/li>\n<li>\n<p><strong>Okres przechowywania danych<\/strong> Pa\u0144stwa dane b\u0119d\u0105 przechowywane przez okres niezb\u0119dny do realizacji cel\u00f3w, dla kt\u00f3rych zosta\u0142y zebrane, zgodnie z obowi\u0105zuj\u0105cymi przepisami prawa.<\/p>\n<\/li>\n<li>\n<p><strong>Prawa os\u00f3b, kt\u00f3rych dane dotycz\u0105<\/strong> Przys\u0142uguje Pa\u0144stwu prawo do:<\/p>\n<ul data-spread=\"false\">\n<li>\n<p>dost\u0119pu do swoich danych,<\/p>\n<\/li>\n<li>\n<p>sprostowania danych,<\/p>\n<\/li>\n<li>\n<p>usuni\u0119cia danych (w okre\u015blonych sytuacjach),<\/p>\n<\/li>\n<li>\n<p>ograniczenia przetwarzania danych,<\/p>\n<\/li>\n<li>\n<p>przenoszenia danych,<\/p>\n<\/li>\n<li>\n<p>wniesienia sprzeciwu wobec przetwarzania danych,<\/p>\n<\/li>\n<li>\n<p>cofni\u0119cia zgody na przetwarzanie danych (je\u015bli przetwarzanie odbywa si\u0119 na podstawie zgody).<\/p>\n<\/li>\n<\/ul>\n<\/li>\n<li>\n<p><strong>Prawo do wniesienia skargi<\/strong> Przys\u0142uguje Pa\u0144stwu prawo do wniesienia skargi do Prezesa Urz\u0119du Ochrony Danych Osobowych, je\u015bli uznaj\u0105 Pa\u0144stwo, \u017ce przetwarzanie danych narusza przepisy RODO.<\/p>\n<\/li>\n<li>\n<p><strong>Informacja o wymogu podania danych<\/strong> Podanie danych osobowych jest dobrowolne, ale niezb\u0119dne do realizacji us\u0142ug \u015bwiadczonych przez nasz\u0105 firm\u0119.<\/p>\n<\/li>\n<li>\n<p><strong>Zautomatyzowane podejmowanie decyzji i profilowanie<\/strong> Pa\u0144stwa dane nie b\u0119d\u0105 przetwarzane w spos\u00f3b zautomatyzowany ani podlega\u0142y profilowaniu.<\/p>\n<\/li>\n<\/ol>\n<p>Dzi\u0119kujemy za zaufanie i zapewniamy, \u017ce Pa\u0144stwa dane s\u0105 u nas bezpieczne.<\/p>\t\t\t\t\t\t\t\t<\/div>\n\t\t\t\t<\/div>\n\t\t\t\t\t<\/div>\n\t\t\t\t<\/div>\n\t\t\t\t<\/div>\n\t\t","protected":false},"excerpt":{"rendered":"<p>Obowi\u0105zek Informacyjny RODO Zgodnie z art. 13 Rozporz\u0105dzenia Parlamentu Europejskiego i Rady (UE) 2016\/679 z dnia 27 kwietnia 2016 r. (RODO) informujemy, \u017ce: Administrator danych osobowych Administratorem Pa\u0144stwa danych osobowych jest A&amp;M Consulting Micha\u0142 Klisiatys , z siedzib\u0105 pod adresemul. Pp\u0142k Wac\u0142awa Szadkowskiego 601-493 Warszawa\u00a0e-mail: wycena@amwycena.com, telefon: 502335372. NIP: 8491560450 Cele i podstawy przetwarzania danych&#8230;<\/p>\n","protected":false},"author":1,"featured_media":0,"parent":0,"menu_order":0,"comment_status":"closed","ping_status":"closed","template":"","meta":{"_kadence_starter_templates_imported_post":false,"_kad_post_transparent":"","_kad_post_title":"","_kad_post_layout":"","_kad_post_sidebar_id":"","_kad_post_content_style":"","_kad_post_vertical_padding":"","_kad_post_feature":"","_kad_post_feature_position":"","_kad_post_header":false,"_kad_post_footer":false,"footnotes":""},"class_list":["post-1213","page","type-page","status-publish","hentry"],"_links":{"self":[{"href":"https:\/\/amwycena.com\/index.php?rest_route=\/wp\/v2\/pages\/1213","targetHints":{"allow":["GET"]}}],"collection":[{"href":"https:\/\/amwycena.com\/index.php?rest_route=\/wp\/v2\/pages"}],"about":[{"href":"https:\/\/amwycena.com\/index.php?rest_route=\/wp\/v2\/types\/page"}],"author":[{"embeddable":true,"href":"https:\/\/amwycena.com\/index.php?rest_route=\/wp\/v2\/users\/1"}],"replies":[{"embeddable":true,"href":"https:\/\/amwycena.com\/index.php?rest_route=%2Fwp%2Fv2%2Fcomments&post=1213"}],"version-history":[{"count":7,"href":"https:\/\/amwycena.com\/index.php?rest_route=\/wp\/v2\/pages\/1213\/revisions"}],"predecessor-version":[{"id":1220,"href":"https:\/\/amwycena.com\/index.php?rest_route=\/wp\/v2\/pages\/1213\/revisions\/1220"}],"wp:attachment":[{"href":"https:\/\/amwycena.com\/index.php?rest_route=%2Fwp%2Fv2%2Fmedia&parent=1213"}],"curies":[{"name":"wp","href":"https:\/\/api.w.org\/{rel}","templated":true}]}}